{"id":140,"date":"2024-07-01T08:54:04","date_gmt":"2024-07-01T08:54:04","guid":{"rendered":"https:\/\/mgalva.de\/?page_id=140"},"modified":"2024-07-04T17:40:08","modified_gmt":"2024-07-04T17:40:08","slug":"dienstleistung","status":"publish","type":"page","link":"https:\/\/mgalva.de\/?page_id=140","title":{"rendered":"Dienstleistung"},"content":{"rendered":"\t\t<div data-elementor-type=\"wp-page\" data-elementor-id=\"140\" class=\"elementor elementor-140\" data-elementor-post-type=\"page\">\n\t\t\t\t<div class=\"elementor-element elementor-element-ed66dca e-flex e-con-boxed e-con e-parent\" data-id=\"ed66dca\" data-element_type=\"container\">\n\t\t\t\t\t<div class=\"e-con-inner\">\n\t\t<div class=\"elementor-element elementor-element-ec3540c e-con-full e-flex e-con e-child\" data-id=\"ec3540c\" data-element_type=\"container\">\n\t\t\t\t<div class=\"elementor-element elementor-element-925f572 elementor-widget elementor-widget-heading\" data-id=\"925f572\" data-element_type=\"widget\" data-widget_type=\"heading.default\">\n\t\t\t\t<div class=\"elementor-widget-container\">\n\t\t\t<style>\/*! elementor - v3.22.0 - 26-06-2024 *\/\n.elementor-heading-title{padding:0;margin:0;line-height:1}.elementor-widget-heading .elementor-heading-title[class*=elementor-size-]>a{color:inherit;font-size:inherit;line-height:inherit}.elementor-widget-heading .elementor-heading-title.elementor-size-small{font-size:15px}.elementor-widget-heading .elementor-heading-title.elementor-size-medium{font-size:19px}.elementor-widget-heading .elementor-heading-title.elementor-size-large{font-size:29px}.elementor-widget-heading .elementor-heading-title.elementor-size-xl{font-size:39px}.elementor-widget-heading .elementor-heading-title.elementor-size-xxl{font-size:59px}<\/style><h2 class=\"elementor-heading-title elementor-size-default\">M-Galvanotechnik GmbH<\/h2>\t\t<\/div>\n\t\t\t\t<\/div>\n\t\t\t\t<div class=\"elementor-element elementor-element-3e57348 elementor-widget elementor-widget-text-editor\" data-id=\"3e57348\" data-element_type=\"widget\" data-widget_type=\"text-editor.default\">\n\t\t\t\t<div class=\"elementor-widget-container\">\n\t\t\t<style>\/*! elementor - v3.22.0 - 26-06-2024 *\/\n.elementor-widget-text-editor.elementor-drop-cap-view-stacked .elementor-drop-cap{background-color:#69727d;color:#fff}.elementor-widget-text-editor.elementor-drop-cap-view-framed .elementor-drop-cap{color:#69727d;border:3px solid;background-color:transparent}.elementor-widget-text-editor:not(.elementor-drop-cap-view-default) .elementor-drop-cap{margin-top:8px}.elementor-widget-text-editor:not(.elementor-drop-cap-view-default) .elementor-drop-cap-letter{width:1em;height:1em}.elementor-widget-text-editor .elementor-drop-cap{float:left;text-align:center;line-height:1;font-size:50px}.elementor-widget-text-editor .elementor-drop-cap-letter{display:inline-block}<\/style>\t\t\t\t<p>+49 6831 9899-0<\/p>\t\t\t\t\t\t<\/div>\n\t\t\t\t<\/div>\n\t\t\t\t<\/div>\n\t\t<div class=\"elementor-element elementor-element-5851efe e-con-full e-flex e-con e-child\" data-id=\"5851efe\" data-element_type=\"container\">\n\t\t\t\t<div class=\"elementor-element elementor-element-09070cd elementor-nav-menu--dropdown-tablet elementor-nav-menu__text-align-aside elementor-nav-menu--toggle elementor-nav-menu--burger elementor-widget elementor-widget-nav-menu\" data-id=\"09070cd\" data-element_type=\"widget\" data-settings=\"{&quot;layout&quot;:&quot;horizontal&quot;,&quot;submenu_icon&quot;:{&quot;value&quot;:&quot;&lt;svg class=\\&quot;e-font-icon-svg e-fas-caret-down\\&quot; viewBox=\\&quot;0 0 320 512\\&quot; xmlns=\\&quot;http:\\\/\\\/www.w3.org\\\/2000\\\/svg\\&quot;&gt;&lt;path d=\\&quot;M31.3 192h257.3c17.8 0 26.7 21.5 14.1 34.1L174.1 354.8c-7.8 7.8-20.5 7.8-28.3 0L17.2 226.1C4.6 213.5 13.5 192 31.3 192z\\&quot;&gt;&lt;\\\/path&gt;&lt;\\\/svg&gt;&quot;,&quot;library&quot;:&quot;fa-solid&quot;},&quot;toggle&quot;:&quot;burger&quot;}\" data-widget_type=\"nav-menu.default\">\n\t\t\t\t<div class=\"elementor-widget-container\">\n\t\t\t<link rel=\"stylesheet\" href=\"https:\/\/mgalva.de\/wp-content\/plugins\/elementor-pro\/assets\/css\/widget-nav-menu.min.css\">\t\t\t<nav class=\"elementor-nav-menu--main elementor-nav-menu__container elementor-nav-menu--layout-horizontal e--pointer-underline e--animation-fade\">\n\t\t\t\t<ul id=\"menu-1-09070cd\" class=\"elementor-nav-menu\"><li class=\"menu-item menu-item-type-post_type menu-item-object-page menu-item-home menu-item-91\"><a href=\"https:\/\/mgalva.de\/\" class=\"elementor-item\">Home<\/a><\/li>\n<li class=\"menu-item menu-item-type-post_type menu-item-object-page menu-item-has-children menu-item-170\"><a href=\"https:\/\/mgalva.de\/?page_id=125\" class=\"elementor-item\">Unternehmen<\/a>\n<ul class=\"sub-menu elementor-nav-menu--dropdown\">\n\t<li class=\"menu-item menu-item-type-post_type menu-item-object-page menu-item-164\"><a href=\"https:\/\/mgalva.de\/?page_id=155\" class=\"elementor-sub-item\">Downloads<\/a><\/li>\n\t<li class=\"menu-item menu-item-type-post_type menu-item-object-page menu-item-165\"><a href=\"https:\/\/mgalva.de\/?page_id=150\" class=\"elementor-sub-item\">Logistik<\/a><\/li>\n\t<li class=\"menu-item menu-item-type-post_type menu-item-object-page menu-item-167\"><a href=\"https:\/\/mgalva.de\/?page_id=140\" class=\"elementor-sub-item\">Dienstleistung<\/a><\/li>\n\t<li class=\"menu-item menu-item-type-post_type menu-item-object-page menu-item-169\"><a href=\"https:\/\/mgalva.de\/?page_id=130\" class=\"elementor-sub-item\">Qualit\u00e4tssicherung<\/a><\/li>\n<\/ul>\n<\/li>\n<li class=\"menu-item menu-item-type-post_type menu-item-object-page menu-item-has-children menu-item-166\"><a href=\"https:\/\/mgalva.de\/?page_id=145\" class=\"elementor-item\">Maschinen und Anlagen<\/a>\n<ul class=\"sub-menu elementor-nav-menu--dropdown\">\n\t<li class=\"menu-item menu-item-type-post_type menu-item-object-page menu-item-264\"><a href=\"https:\/\/mgalva.de\/?page_id=259\" class=\"elementor-sub-item\">Schleifen<\/a><\/li>\n\t<li class=\"menu-item menu-item-type-post_type menu-item-object-page menu-item-172\"><a href=\"https:\/\/mgalva.de\/?page_id=103\" class=\"elementor-sub-item\">Galvanik<\/a><\/li>\n<\/ul>\n<\/li>\n<li class=\"menu-item menu-item-type-post_type menu-item-object-page menu-item-168\"><a href=\"https:\/\/mgalva.de\/?page_id=135\" class=\"elementor-item\">Unser Team<\/a><\/li>\n<li class=\"menu-item menu-item-type-post_type menu-item-object-page menu-item-174\"><a href=\"https:\/\/mgalva.de\/?page_id=83\" class=\"elementor-item\">Kontakt<\/a><\/li>\n<li class=\"menu-item menu-item-type-post_type menu-item-object-page menu-item-173\"><a href=\"https:\/\/mgalva.de\/?page_id=98\" class=\"elementor-item\">Datenschutz<\/a><\/li>\n<li class=\"menu-item menu-item-type-post_type menu-item-object-page menu-item-92\"><a href=\"https:\/\/mgalva.de\/?page_id=72\" class=\"elementor-item\">Impressum<\/a><\/li>\n<\/ul>\t\t\t<\/nav>\n\t\t\t\t\t<div class=\"elementor-menu-toggle\" role=\"button\" tabindex=\"0\" aria-label=\"Menu Toggle\" aria-expanded=\"false\">\n\t\t\t<svg aria-hidden=\"true\" role=\"presentation\" class=\"elementor-menu-toggle__icon--open e-font-icon-svg e-eicon-menu-bar\" viewBox=\"0 0 1000 1000\" xmlns=\"http:\/\/www.w3.org\/2000\/svg\"><path d=\"M104 333H896C929 333 958 304 958 271S929 208 896 208H104C71 208 42 237 42 271S71 333 104 333ZM104 583H896C929 583 958 554 958 521S929 458 896 458H104C71 458 42 487 42 521S71 583 104 583ZM104 833H896C929 833 958 804 958 771S929 708 896 708H104C71 708 42 737 42 771S71 833 104 833Z\"><\/path><\/svg><svg aria-hidden=\"true\" role=\"presentation\" class=\"elementor-menu-toggle__icon--close e-font-icon-svg e-eicon-close\" viewBox=\"0 0 1000 1000\" xmlns=\"http:\/\/www.w3.org\/2000\/svg\"><path d=\"M742 167L500 408 258 167C246 154 233 150 217 150 196 150 179 158 167 167 154 179 150 196 150 212 150 229 154 242 171 254L408 500 167 742C138 771 138 800 167 829 196 858 225 858 254 829L496 587 738 829C750 842 767 846 783 846 800 846 817 842 829 829 842 817 846 804 846 783 846 767 842 750 829 737L588 500 833 258C863 229 863 200 833 171 804 137 775 137 742 167Z\"><\/path><\/svg>\t\t\t<span class=\"elementor-screen-only\">Menu<\/span>\n\t\t<\/div>\n\t\t\t\t\t<nav class=\"elementor-nav-menu--dropdown elementor-nav-menu__container\" aria-hidden=\"true\">\n\t\t\t\t<ul id=\"menu-2-09070cd\" class=\"elementor-nav-menu\"><li class=\"menu-item menu-item-type-post_type menu-item-object-page menu-item-home menu-item-91\"><a href=\"https:\/\/mgalva.de\/\" class=\"elementor-item\" tabindex=\"-1\">Home<\/a><\/li>\n<li class=\"menu-item menu-item-type-post_type menu-item-object-page menu-item-has-children menu-item-170\"><a href=\"https:\/\/mgalva.de\/?page_id=125\" class=\"elementor-item\" tabindex=\"-1\">Unternehmen<\/a>\n<ul class=\"sub-menu elementor-nav-menu--dropdown\">\n\t<li class=\"menu-item menu-item-type-post_type menu-item-object-page menu-item-164\"><a href=\"https:\/\/mgalva.de\/?page_id=155\" class=\"elementor-sub-item\" tabindex=\"-1\">Downloads<\/a><\/li>\n\t<li class=\"menu-item menu-item-type-post_type menu-item-object-page menu-item-165\"><a href=\"https:\/\/mgalva.de\/?page_id=150\" class=\"elementor-sub-item\" tabindex=\"-1\">Logistik<\/a><\/li>\n\t<li class=\"menu-item menu-item-type-post_type menu-item-object-page menu-item-167\"><a href=\"https:\/\/mgalva.de\/?page_id=140\" class=\"elementor-sub-item\" tabindex=\"-1\">Dienstleistung<\/a><\/li>\n\t<li class=\"menu-item menu-item-type-post_type menu-item-object-page menu-item-169\"><a href=\"https:\/\/mgalva.de\/?page_id=130\" class=\"elementor-sub-item\" tabindex=\"-1\">Qualit\u00e4tssicherung<\/a><\/li>\n<\/ul>\n<\/li>\n<li class=\"menu-item menu-item-type-post_type menu-item-object-page menu-item-has-children menu-item-166\"><a href=\"https:\/\/mgalva.de\/?page_id=145\" class=\"elementor-item\" tabindex=\"-1\">Maschinen und Anlagen<\/a>\n<ul class=\"sub-menu elementor-nav-menu--dropdown\">\n\t<li class=\"menu-item menu-item-type-post_type menu-item-object-page menu-item-264\"><a href=\"https:\/\/mgalva.de\/?page_id=259\" class=\"elementor-sub-item\" tabindex=\"-1\">Schleifen<\/a><\/li>\n\t<li class=\"menu-item menu-item-type-post_type menu-item-object-page menu-item-172\"><a href=\"https:\/\/mgalva.de\/?page_id=103\" class=\"elementor-sub-item\" tabindex=\"-1\">Galvanik<\/a><\/li>\n<\/ul>\n<\/li>\n<li class=\"menu-item menu-item-type-post_type menu-item-object-page menu-item-168\"><a href=\"https:\/\/mgalva.de\/?page_id=135\" class=\"elementor-item\" tabindex=\"-1\">Unser Team<\/a><\/li>\n<li class=\"menu-item menu-item-type-post_type menu-item-object-page menu-item-174\"><a href=\"https:\/\/mgalva.de\/?page_id=83\" class=\"elementor-item\" tabindex=\"-1\">Kontakt<\/a><\/li>\n<li class=\"menu-item menu-item-type-post_type menu-item-object-page menu-item-173\"><a href=\"https:\/\/mgalva.de\/?page_id=98\" class=\"elementor-item\" tabindex=\"-1\">Datenschutz<\/a><\/li>\n<li class=\"menu-item menu-item-type-post_type menu-item-object-page menu-item-92\"><a href=\"https:\/\/mgalva.de\/?page_id=72\" class=\"elementor-item\" tabindex=\"-1\">Impressum<\/a><\/li>\n<\/ul>\t\t\t<\/nav>\n\t\t\t\t<\/div>\n\t\t\t\t<\/div>\n\t\t\t\t<\/div>\n\t\t\t\t\t<\/div>\n\t\t\t\t<\/div>\n\t\t<div class=\"elementor-element elementor-element-63cc387 e-flex e-con-boxed e-con e-parent\" data-id=\"63cc387\" data-element_type=\"container\">\n\t\t\t\t\t<div class=\"e-con-inner\">\n\t\t\t\t<div class=\"elementor-element elementor-element-042122f elementor-widget elementor-widget-spacer\" data-id=\"042122f\" data-element_type=\"widget\" data-widget_type=\"spacer.default\">\n\t\t\t\t<div class=\"elementor-widget-container\">\n\t\t\t<style>\/*! elementor - v3.22.0 - 26-06-2024 *\/\n.elementor-column .elementor-spacer-inner{height:var(--spacer-size)}.e-con{--container-widget-width:100%}.e-con-inner>.elementor-widget-spacer,.e-con>.elementor-widget-spacer{width:var(--container-widget-width,var(--spacer-size));--align-self:var(--container-widget-align-self,initial);--flex-shrink:0}.e-con-inner>.elementor-widget-spacer>.elementor-widget-container,.e-con>.elementor-widget-spacer>.elementor-widget-container{height:100%;width:100%}.e-con-inner>.elementor-widget-spacer>.elementor-widget-container>.elementor-spacer,.e-con>.elementor-widget-spacer>.elementor-widget-container>.elementor-spacer{height:100%}.e-con-inner>.elementor-widget-spacer>.elementor-widget-container>.elementor-spacer>.elementor-spacer-inner,.e-con>.elementor-widget-spacer>.elementor-widget-container>.elementor-spacer>.elementor-spacer-inner{height:var(--container-widget-height,var(--spacer-size))}.e-con-inner>.elementor-widget-spacer.elementor-widget-empty,.e-con>.elementor-widget-spacer.elementor-widget-empty{position:relative;min-height:22px;min-width:22px}.e-con-inner>.elementor-widget-spacer.elementor-widget-empty .elementor-widget-empty-icon,.e-con>.elementor-widget-spacer.elementor-widget-empty .elementor-widget-empty-icon{position:absolute;top:0;bottom:0;left:0;right:0;margin:auto;padding:0;width:22px;height:22px}<\/style>\t\t<div class=\"elementor-spacer\">\n\t\t\t<div class=\"elementor-spacer-inner\"><\/div>\n\t\t<\/div>\n\t\t\t\t<\/div>\n\t\t\t\t<\/div>\n\t\t\t\t<div class=\"elementor-element elementor-element-31edd6c elementor-widget elementor-widget-heading\" data-id=\"31edd6c\" data-element_type=\"widget\" data-widget_type=\"heading.default\">\n\t\t\t\t<div class=\"elementor-widget-container\">\n\t\t\t<h2 class=\"elementor-heading-title elementor-size-default\">Dienstleistung\n<\/h2>\t\t<\/div>\n\t\t\t\t<\/div>\n\t\t\t\t\t<\/div>\n\t\t\t\t<\/div>\n\t\t<div class=\"elementor-element elementor-element-6726002 e-flex e-con-boxed e-con e-parent\" data-id=\"6726002\" data-element_type=\"container\">\n\t\t\t\t\t<div class=\"e-con-inner\">\n\t\t\t\t<div class=\"elementor-element elementor-element-93fd8de elementor-widget elementor-widget-spacer\" data-id=\"93fd8de\" data-element_type=\"widget\" data-widget_type=\"spacer.default\">\n\t\t\t\t<div class=\"elementor-widget-container\">\n\t\t\t\t\t<div class=\"elementor-spacer\">\n\t\t\t<div class=\"elementor-spacer-inner\"><\/div>\n\t\t<\/div>\n\t\t\t\t<\/div>\n\t\t\t\t<\/div>\n\t\t\t\t<div class=\"elementor-element elementor-element-51d1c31 elementor-widget elementor-widget-text-editor\" data-id=\"51d1c31\" data-element_type=\"widget\" data-widget_type=\"text-editor.default\">\n\t\t\t\t<div class=\"elementor-widget-container\">\n\t\t\t\t\t\t\t<h4 id=\"1425348463\" class=\"dmNewParagraph\" data-element-type=\"paragraph\">Dienstleistung<\/h4><div id=\"1654451573\" class=\"dmNewParagraph\" data-element-type=\"paragraph\">Die Funktionalit\u00e4t von Bauteilen durch innovative, kosteng\u00fcnstige Veredelungen und Aufarbeitungen zu erh\u00f6hen und damit zum Erfolg unserer Kunden beizutragen \u2013 daf\u00fcr haben wir Beschichtungen entwickelt, die vielseitige Funktionen erf\u00fcllen.<div><br \/><div>Unsere Galvanisieranlagen zeichnen sich durch hohen Durchsatz und Verf\u00fcgbarkeit aus. Wir sind dadurch in der Lage, auch kurzfristige Liefertermine zu halten.<\/div><div>\u00a0<\/div><div>Wir sind Dienstleister f\u00fcr:<\/div><div><ul class=\"innerList defaultList\"><li>Schleifen (incl. Rundschleifen) und Polieren (incl. Hochganzpolieren)<\/li><li>Fr\u00e4sarbeiten von Nickel- und Chromschichten in h\u00f6chster Ma\u00dfgenauigkeit<\/li><li>Reparaturen in Form der Entfernung von Nickel- und Chromschichten<\/li><li>Aufarbeitung von Verschlei\u00dfteilen<\/li><li>Schwei\u00dfen<\/li><li>Tamponieren<\/li><\/ul><\/div><\/div><\/div>\t\t\t\t\t\t<\/div>\n\t\t\t\t<\/div>\n\t\t\t\t<div class=\"elementor-element elementor-element-d9ae073 elementor-widget elementor-widget-spacer\" data-id=\"d9ae073\" data-element_type=\"widget\" data-widget_type=\"spacer.default\">\n\t\t\t\t<div class=\"elementor-widget-container\">\n\t\t\t\t\t<div class=\"elementor-spacer\">\n\t\t\t<div class=\"elementor-spacer-inner\"><\/div>\n\t\t<\/div>\n\t\t\t\t<\/div>\n\t\t\t\t<\/div>\n\t\t\t\t\t<\/div>\n\t\t\t\t<\/div>\n\t\t<div class=\"elementor-element elementor-element-9e875e6 e-con-full e-flex e-con e-parent\" data-id=\"9e875e6\" data-element_type=\"container\" data-settings=\"{&quot;background_background&quot;:&quot;classic&quot;}\">\n\t\t<div class=\"elementor-element elementor-element-574e396 e-con-full e-flex e-con e-child\" data-id=\"574e396\" data-element_type=\"container\">\n\t\t\t\t<div class=\"elementor-element elementor-element-8347129 elementor-widget__width-initial elementor-widget elementor-widget-text-editor\" data-id=\"8347129\" data-element_type=\"widget\" data-widget_type=\"text-editor.default\">\n\t\t\t\t<div class=\"elementor-widget-container\">\n\t\t\t\t\t\t\t<h4 id=\"1513145181\" class=\"u_1513145181 dmNewParagraph\" data-element-type=\"paragraph\"><span class=\"m-specific m-size-22 lh-1\"><span data-inject=\"home-At19ContactTitle\">KONTAKT<\/span><\/span><\/h4><div id=\"1430628913\" class=\"u_1430628913 dmNewParagraph\"><span>Rufen Sie uns an:\u00a0+49 6831 9899-0<\/span><\/div><div id=\"1396494604\" class=\"u_1396494604 dmNewParagraph\"><div><span>Hier finden Sie uns:<br \/><\/span><\/div><div><span>Lebacher Str. 71a<br \/><\/span><\/div><div><span>66740 Saarlouis<br \/><\/span><\/div><div><span>Deutschland<\/span><\/div><\/div>\t\t\t\t\t\t<\/div>\n\t\t\t\t<\/div>\n\t\t\t\t<\/div>\n\t\t<div class=\"elementor-element elementor-element-7392c94 e-con-full e-flex e-con e-child\" data-id=\"7392c94\" data-element_type=\"container\">\n\t\t\t\t<div class=\"elementor-element elementor-element-cf20087 elementor-widget__width-initial elementor-widget elementor-widget-text-editor\" data-id=\"cf20087\" data-element_type=\"widget\" data-widget_type=\"text-editor.default\">\n\t\t\t\t<div class=\"elementor-widget-container\">\n\t\t\t\t\t\t\t<h4 id=\"1814962714\" class=\"u_1814962714 dmNewParagraph\" data-element-type=\"paragraph\"><span data-inject=\"home-At19businessHoursAttrTitle\">\u00d6FFNUNGSZEITEN<\/span><\/h4><div id=\"1816830369\" class=\"u_1816830369 default dmHoursOfOperation\" data-element-type=\"open_hours\" data-widget-type=\"hoursOfOperation\"><div class=\"open-hours-item\">Montag\u00a0<span class=\"splitHours\"><time>7:00<\/time>\u00a0&#8211;\u00a0<time>12:00 &#8211;\u00a0<\/time><\/span><time style=\"text-align: var(--text-align); font-size: 1rem;\">12:30<\/time><span style=\"text-align: var(--text-align); font-size: 1rem;\">\u00a0&#8211;\u00a0<\/span><time style=\"text-align: var(--text-align); font-size: 1rem;\">16:00<\/time><\/div><div class=\"open-hours-item\">Di &#8211; Fr\u00a0 \u00a0\u00a0<span class=\"splitHours\"><time>6:00<\/time>\u00a0&#8211;\u00a0<time>12:00 &#8211;\u00a0<\/time><\/span><span class=\"splitHours\"><time>12:30<\/time>\u00a0&#8211;\u00a0<time>16:00<\/time><\/span><\/div><div class=\"open-hours-item\">Sa &#8211; So Geschlossen<\/div><\/div>\t\t\t\t\t\t<\/div>\n\t\t\t\t<\/div>\n\t\t\t\t<\/div>\n\t\t<div class=\"elementor-element elementor-element-792feb8 e-con-full e-flex e-con e-child\" data-id=\"792feb8\" data-element_type=\"container\">\n\t\t\t\t<div class=\"elementor-element elementor-element-519361c elementor-widget__width-initial elementor-widget elementor-widget-text-editor\" data-id=\"519361c\" data-element_type=\"widget\" data-widget_type=\"text-editor.default\">\n\t\t\t\t<div class=\"elementor-widget-container\">\n\t\t\t\t\t\t\t<p>Erstellt von:<\/p><p><a href=\"https:\/\/kiepurning.de\/\">www.kiepurning.de<\/a><\/p><p>Alarmanlagen &amp; Video\u00fcberwachung im Saarland<\/p>\t\t\t\t\t\t<\/div>\n\t\t\t\t<\/div>\n\t\t\t\t<div class=\"elementor-element elementor-element-0fc49c4 elementor-widget elementor-widget-text-editor\" data-id=\"0fc49c4\" data-element_type=\"widget\" data-widget_type=\"text-editor.default\">\n\t\t\t\t<div class=\"elementor-widget-container\">\n\t\t\t\t\t\t\t<pre>Bildnachweise:<\/pre>\t\t\t\t\t\t<\/div>\n\t\t\t\t<\/div>\n\t\t\t\t<div class=\"elementor-element elementor-element-453b303 elementor-widget-divider--view-line elementor-widget elementor-widget-divider\" data-id=\"453b303\" data-element_type=\"widget\" data-widget_type=\"divider.default\">\n\t\t\t\t<div class=\"elementor-widget-container\">\n\t\t\t<style>\/*! elementor - v3.22.0 - 26-06-2024 *\/\n.elementor-widget-divider{--divider-border-style:none;--divider-border-width:1px;--divider-color:#0c0d0e;--divider-icon-size:20px;--divider-element-spacing:10px;--divider-pattern-height:24px;--divider-pattern-size:20px;--divider-pattern-url:none;--divider-pattern-repeat:repeat-x}.elementor-widget-divider .elementor-divider{display:flex}.elementor-widget-divider .elementor-divider__text{font-size:15px;line-height:1;max-width:95%}.elementor-widget-divider .elementor-divider__element{margin:0 var(--divider-element-spacing);flex-shrink:0}.elementor-widget-divider .elementor-icon{font-size:var(--divider-icon-size)}.elementor-widget-divider .elementor-divider-separator{display:flex;margin:0;direction:ltr}.elementor-widget-divider--view-line_icon .elementor-divider-separator,.elementor-widget-divider--view-line_text .elementor-divider-separator{align-items:center}.elementor-widget-divider--view-line_icon .elementor-divider-separator:after,.elementor-widget-divider--view-line_icon .elementor-divider-separator:before,.elementor-widget-divider--view-line_text .elementor-divider-separator:after,.elementor-widget-divider--view-line_text .elementor-divider-separator:before{display:block;content:\"\";border-block-end:0;flex-grow:1;border-block-start:var(--divider-border-width) var(--divider-border-style) var(--divider-color)}.elementor-widget-divider--element-align-left .elementor-divider .elementor-divider-separator>.elementor-divider__svg:first-of-type{flex-grow:0;flex-shrink:100}.elementor-widget-divider--element-align-left .elementor-divider-separator:before{content:none}.elementor-widget-divider--element-align-left .elementor-divider__element{margin-left:0}.elementor-widget-divider--element-align-right .elementor-divider .elementor-divider-separator>.elementor-divider__svg:last-of-type{flex-grow:0;flex-shrink:100}.elementor-widget-divider--element-align-right .elementor-divider-separator:after{content:none}.elementor-widget-divider--element-align-right .elementor-divider__element{margin-right:0}.elementor-widget-divider--element-align-start .elementor-divider .elementor-divider-separator>.elementor-divider__svg:first-of-type{flex-grow:0;flex-shrink:100}.elementor-widget-divider--element-align-start .elementor-divider-separator:before{content:none}.elementor-widget-divider--element-align-start .elementor-divider__element{margin-inline-start:0}.elementor-widget-divider--element-align-end .elementor-divider .elementor-divider-separator>.elementor-divider__svg:last-of-type{flex-grow:0;flex-shrink:100}.elementor-widget-divider--element-align-end .elementor-divider-separator:after{content:none}.elementor-widget-divider--element-align-end .elementor-divider__element{margin-inline-end:0}.elementor-widget-divider:not(.elementor-widget-divider--view-line_text):not(.elementor-widget-divider--view-line_icon) .elementor-divider-separator{border-block-start:var(--divider-border-width) var(--divider-border-style) var(--divider-color)}.elementor-widget-divider--separator-type-pattern{--divider-border-style:none}.elementor-widget-divider--separator-type-pattern.elementor-widget-divider--view-line .elementor-divider-separator,.elementor-widget-divider--separator-type-pattern:not(.elementor-widget-divider--view-line) .elementor-divider-separator:after,.elementor-widget-divider--separator-type-pattern:not(.elementor-widget-divider--view-line) .elementor-divider-separator:before,.elementor-widget-divider--separator-type-pattern:not([class*=elementor-widget-divider--view]) .elementor-divider-separator{width:100%;min-height:var(--divider-pattern-height);-webkit-mask-size:var(--divider-pattern-size) 100%;mask-size:var(--divider-pattern-size) 100%;-webkit-mask-repeat:var(--divider-pattern-repeat);mask-repeat:var(--divider-pattern-repeat);background-color:var(--divider-color);-webkit-mask-image:var(--divider-pattern-url);mask-image:var(--divider-pattern-url)}.elementor-widget-divider--no-spacing{--divider-pattern-size:auto}.elementor-widget-divider--bg-round{--divider-pattern-repeat:round}.rtl .elementor-widget-divider .elementor-divider__text{direction:rtl}.e-con-inner>.elementor-widget-divider,.e-con>.elementor-widget-divider{width:var(--container-widget-width,100%);--flex-grow:var(--container-widget-flex-grow)}<\/style>\t\t<div class=\"elementor-divider\">\n\t\t\t<span class=\"elementor-divider-separator\">\n\t\t\t\t\t\t<\/span>\n\t\t<\/div>\n\t\t\t\t<\/div>\n\t\t\t\t<\/div>\n\t\t\t\t<div class=\"elementor-element elementor-element-795b4a6 elementor-hidden-tablet elementor-hidden-mobile elementor-widget elementor-widget-html\" data-id=\"795b4a6\" data-element_type=\"widget\" data-widget_type=\"html.default\">\n\t\t\t\t<div class=\"elementor-widget-container\">\n\t\t\t<a href=\"https:\/\/www.flaticon.com\/de\/kostenlose-icons\/holz\" title=\"holz Icons\">Holz Icons erstellt von Smashicons - Flaticon<\/a>\t\t<\/div>\n\t\t\t\t<\/div>\n\t\t\t\t<\/div>\n\t\t\t\t<\/div>\n\t\t\t\t<\/div>\n\t\t","protected":false},"excerpt":{"rendered":"<p>M-Galvanotechnik GmbH +49 6831 9899-0 Dienstleistung Dienstleistung Die Funktionalit\u00e4t von Bauteilen durch innovative, kosteng\u00fcnstige Veredelungen und Aufarbeitungen zu erh\u00f6hen und damit zum Erfolg unserer Kunden beizutragen \u2013 daf\u00fcr haben wir Beschichtungen entwickelt, die vielseitige Funktionen erf\u00fcllen.Unsere Galvanisieranlagen zeichnen sich durch hohen Durchsatz und Verf\u00fcgbarkeit aus. Wir sind dadurch in der Lage, auch kurzfristige Liefertermine zu [&hellip;]<\/p>\n","protected":false},"author":1,"featured_media":0,"parent":0,"menu_order":0,"comment_status":"closed","ping_status":"closed","template":"","meta":{"footnotes":""},"class_list":["post-140","page","type-page","status-publish","hentry"],"_links":{"self":[{"href":"https:\/\/mgalva.de\/index.php?rest_route=\/wp\/v2\/pages\/140","targetHints":{"allow":["GET"]}}],"collection":[{"href":"https:\/\/mgalva.de\/index.php?rest_route=\/wp\/v2\/pages"}],"about":[{"href":"https:\/\/mgalva.de\/index.php?rest_route=\/wp\/v2\/types\/page"}],"author":[{"embeddable":true,"href":"https:\/\/mgalva.de\/index.php?rest_route=\/wp\/v2\/users\/1"}],"replies":[{"embeddable":true,"href":"https:\/\/mgalva.de\/index.php?rest_route=%2Fwp%2Fv2%2Fcomments&post=140"}],"version-history":[{"count":13,"href":"https:\/\/mgalva.de\/index.php?rest_route=\/wp\/v2\/pages\/140\/revisions"}],"predecessor-version":[{"id":365,"href":"https:\/\/mgalva.de\/index.php?rest_route=\/wp\/v2\/pages\/140\/revisions\/365"}],"wp:attachment":[{"href":"https:\/\/mgalva.de\/index.php?rest_route=%2Fwp%2Fv2%2Fmedia&parent=140"}],"curies":[{"name":"wp","href":"https:\/\/api.w.org\/{rel}","templated":true}]}}